{"id":2298,"date":"2024-02-11T17:34:15","date_gmt":"2024-02-11T16:34:15","guid":{"rendered":"https:\/\/btls62.online\/?page_id=2298"},"modified":"2025-04-06T12:32:24","modified_gmt":"2025-04-06T10:32:24","slug":"bootleg-shoots","status":"publish","type":"page","link":"https:\/\/btls62.online\/?page_id=2298","title":{"rendered":"BOOTLEG SHOOTS"},"content":{"rendered":"\t\t<div data-elementor-type=\"wp-page\" data-elementor-id=\"2298\" class=\"elementor elementor-2298\" data-elementor-post-type=\"page\">\n\t\t\t\t\t\t<section class=\"elementor-section elementor-top-section elementor-element elementor-element-e3f1e04 elementor-section-boxed elementor-section-height-default elementor-section-height-default\" data-id=\"e3f1e04\" data-element_type=\"section\">\n\t\t\t\t\t\t<div class=\"elementor-container elementor-column-gap-default\">\n\t\t\t\t\t<div class=\"elementor-column elementor-col-100 elementor-top-column elementor-element elementor-element-f408f93\" data-id=\"f408f93\" data-element_type=\"column\">\n\t\t\t<div class=\"elementor-widget-wrap elementor-element-populated\">\n\t\t\t\t\t\t<div class=\"elementor-element elementor-element-1ea974a elementor-widget elementor-widget-spacer\" data-id=\"1ea974a\" data-element_type=\"widget\" data-widget_type=\"spacer.default\">\n\t\t\t\t<div class=\"elementor-widget-container\">\n\t\t\t\t\t\t\t<div class=\"elementor-spacer\">\n\t\t\t<div class=\"elementor-spacer-inner\"><\/div>\n\t\t<\/div>\n\t\t\t\t\t\t<\/div>\n\t\t\t\t<\/div>\n\t\t\t\t\t<\/div>\n\t\t<\/div>\n\t\t\t\t\t<\/div>\n\t\t<\/section>\n\t\t\t\t<section class=\"elementor-section elementor-top-section elementor-element elementor-element-5d1284c elementor-section-boxed elementor-section-height-default elementor-section-height-default\" data-id=\"5d1284c\" data-element_type=\"section\">\n\t\t\t\t\t\t<div class=\"elementor-container elementor-column-gap-default\">\n\t\t\t\t\t<div class=\"elementor-column elementor-col-100 elementor-top-column elementor-element elementor-element-15f7de2\" data-id=\"15f7de2\" data-element_type=\"column\">\n\t\t\t<div class=\"elementor-widget-wrap elementor-element-populated\">\n\t\t\t\t\t\t<div class=\"elementor-element elementor-element-49c4fe7 elementor-widget elementor-widget-heading\" data-id=\"49c4fe7\" data-element_type=\"widget\" data-widget_type=\"heading.default\">\n\t\t\t\t<div class=\"elementor-widget-container\">\n\t\t\t\t\t<h1 class=\"elementor-heading-title elementor-size-default\">BOOTLEG SHOOTS<\/h1>\t\t\t\t<\/div>\n\t\t\t\t<\/div>\n\t\t\t\t\t<\/div>\n\t\t<\/div>\n\t\t\t\t\t<\/div>\n\t\t<\/section>\n\t\t\t\t<section class=\"elementor-section elementor-top-section elementor-element elementor-element-946f030 elementor-section-boxed elementor-section-height-default elementor-section-height-default\" data-id=\"946f030\" data-element_type=\"section\">\n\t\t\t\t\t\t<div class=\"elementor-container elementor-column-gap-default\">\n\t\t\t\t\t<div class=\"elementor-column elementor-col-100 elementor-top-column elementor-element elementor-element-fc1dc8c\" data-id=\"fc1dc8c\" data-element_type=\"column\">\n\t\t\t<div class=\"elementor-widget-wrap elementor-element-populated\">\n\t\t\t\t\t\t<div class=\"elementor-element elementor-element-f98dd9e elementor-widget elementor-widget-spacer\" data-id=\"f98dd9e\" data-element_type=\"widget\" data-widget_type=\"spacer.default\">\n\t\t\t\t<div class=\"elementor-widget-container\">\n\t\t\t\t\t\t\t<div class=\"elementor-spacer\">\n\t\t\t<div class=\"elementor-spacer-inner\"><\/div>\n\t\t<\/div>\n\t\t\t\t\t\t<\/div>\n\t\t\t\t<\/div>\n\t\t\t\t\t<\/div>\n\t\t<\/div>\n\t\t\t\t\t<\/div>\n\t\t<\/section>\n\t\t\t\t<section class=\"elementor-section elementor-top-section elementor-element elementor-element-1b94d4c elementor-section-boxed elementor-section-height-default elementor-section-height-default\" data-id=\"1b94d4c\" data-element_type=\"section\">\n\t\t\t\t\t\t<div class=\"elementor-container elementor-column-gap-default\">\n\t\t\t\t\t<div class=\"elementor-column elementor-col-100 elementor-top-column elementor-element elementor-element-445927e\" data-id=\"445927e\" data-element_type=\"column\">\n\t\t\t<div class=\"elementor-widget-wrap elementor-element-populated\">\n\t\t\t\t\t\t<div class=\"elementor-element elementor-element-48cc536 elementor-widget elementor-widget-text-editor\" data-id=\"48cc536\" data-element_type=\"widget\" data-widget_type=\"text-editor.default\">\n\t\t\t\t<div class=\"elementor-widget-container\">\n\t\t\t\t\t\t\t\t\t<p>Tomas y versiones descartadas, variaciones del un mismo tema, tomas ac\u00fasticas, demos, interpretaciones en directo, todas ellas son el material que han propiciado la existencia de los discos piratas o bootlegs. Tambi\u00e9n son interesantes los \u00abdespieces\u00bb de canciones, separaciones en diferentes pistas de la voz, instrumentos, efectos, etc. Todo ello nos proporciona una manera diferente de escuchar a Los Beatles, de descubrir sonidos ocultos y de poder disfrutar de nuevo de los temas preferidos.<\/p><p>Los bootlegs existen desde los 60, el primero que apareci\u00f3 de Los Beatles fue \u00abKum Back\u00bb, obtenido de la gran cantidad de material grabado durante las sesiones de \u00abLet it be\u00bb. Otra fuente importante son las grabaciones de radio de la BBC, los conciertos en directo, etc.<\/p><p>La tecnolog\u00eda, con su avance, a permitido elaborar nuevas formas de fabricar bootlegs, soportes diferentes, remasterizados, limpieza de sonido, ecualizaciones y as\u00ed, el c\u00edrculo \u00abvicioso\u00bb vuelve a comenzar. \u00bfCu\u00e1ntas versiones en diferentes soportes y calidades ten\u00e9is del Star Club?<\/p>\t\t\t\t\t\t\t\t<\/div>\n\t\t\t\t<\/div>\n\t\t\t\t\t<\/div>\n\t\t<\/div>\n\t\t\t\t\t<\/div>\n\t\t<\/section>\n\t\t\t\t<section class=\"elementor-section elementor-top-section elementor-element elementor-element-3490d8a elementor-section-boxed elementor-section-height-default elementor-section-height-default\" data-id=\"3490d8a\" data-element_type=\"section\">\n\t\t\t\t\t\t<div class=\"elementor-container elementor-column-gap-default\">\n\t\t\t\t\t<div class=\"elementor-column elementor-col-100 elementor-top-column elementor-element elementor-element-c6e9107\" data-id=\"c6e9107\" data-element_type=\"column\">\n\t\t\t<div class=\"elementor-widget-wrap elementor-element-populated\">\n\t\t\t\t\t\t<div class=\"elementor-element elementor-element-b25c133 elementor-grid-3 elementor-grid-tablet-2 elementor-grid-mobile-1 elementor-posts--thumbnail-top elementor-widget elementor-widget-posts\" data-id=\"b25c133\" data-element_type=\"widget\" data-settings=\"{&quot;classic_columns&quot;:&quot;3&quot;,&quot;classic_columns_tablet&quot;:&quot;2&quot;,&quot;classic_columns_mobile&quot;:&quot;1&quot;,&quot;classic_row_gap&quot;:{&quot;unit&quot;:&quot;px&quot;,&quot;size&quot;:35,&quot;sizes&quot;:[]},&quot;classic_row_gap_tablet&quot;:{&quot;unit&quot;:&quot;px&quot;,&quot;size&quot;:&quot;&quot;,&quot;sizes&quot;:[]},&quot;classic_row_gap_mobile&quot;:{&quot;unit&quot;:&quot;px&quot;,&quot;size&quot;:&quot;&quot;,&quot;sizes&quot;:[]}}\" data-widget_type=\"posts.classic\">\n\t\t\t\t<div class=\"elementor-widget-container\">\n\t\t\t\t\t\t\t<div class=\"elementor-posts-container elementor-posts elementor-posts--skin-classic elementor-grid\" role=\"list\">\n\t\t\t\t<article class=\"elementor-post elementor-grid-item post-2418 post type-post status-publish format-standard has-post-thumbnail hentry category-bootleg-shots tag-beatles tag-bootleg tag-i-will tag-take-1 tag-where-the-ashes-been\" role=\"listitem\">\n\t\t\t\t<a class=\"elementor-post__thumbnail__link\" href=\"https:\/\/btls62.online\/?p=2418\" tabindex=\"-1\" >\n\t\t\t<div class=\"elementor-post__thumbnail\"><img fetchpriority=\"high\" decoding=\"async\" width=\"300\" height=\"297\" src=\"https:\/\/btls62.online\/wp-content\/uploads\/2024\/03\/COVER-300x297.jpg\" class=\"attachment-medium size-medium wp-image-2421\" alt=\"\" srcset=\"https:\/\/btls62.online\/wp-content\/uploads\/2024\/03\/COVER-300x297.jpg 300w, https:\/\/btls62.online\/wp-content\/uploads\/2024\/03\/COVER-150x150.jpg 150w, https:\/\/btls62.online\/wp-content\/uploads\/2024\/03\/COVER.jpg 403w\" sizes=\"(max-width: 300px) 100vw, 300px\" \/><\/div>\n\t\t<\/a>\n\t\t\t\t<div class=\"elementor-post__text\">\n\t\t\t\t<h3 class=\"elementor-post__title\">\n\t\t\t<a href=\"https:\/\/btls62.online\/?p=2418\" >\n\t\t\t\tI WILL (Take 1)\t\t\t<\/a>\n\t\t<\/h3>\n\t\t\t\t<div class=\"elementor-post__meta-data\">\n\t\t\t\t\t<span class=\"elementor-post-date\">\n\t\t\t02\/03\/2024\t\t<\/span>\n\t\t\t\t<span class=\"elementor-post-avatar\">\n\t\t\tNo hay comentarios\t\t<\/span>\n\t\t\t\t<\/div>\n\t\t\t\t<div class=\"elementor-post__excerpt\">\n\t\t\t<p>I Will (Take 1) perteneciente al bootleg \u00abWhere the ashes been\u00bb<\/p>\n\t\t<\/div>\n\t\t\t\t\t<div class=\"elementor-post__read-more-wrapper\">\n\t\t\n\t\t<a class=\"elementor-post__read-more\" href=\"https:\/\/btls62.online\/?p=2418\" aria-label=\"Read more about I WILL (Take 1)\" tabindex=\"-1\" >\n\t\t\tRead More \u00bb\t\t<\/a>\n\n\t\t\t\t\t<\/div>\n\t\t\t\t<\/div>\n\t\t\t\t<\/article>\n\t\t\t\t<article class=\"elementor-post elementor-grid-item post-2364 post type-post status-publish format-standard has-post-thumbnail hentry category-bootleg-shots tag-105 tag-beatles tag-instrumental tag-john-lennon tag-melvin-records tag-nowhere-man tag-rubber-soul tag-ruber-double-sampler\" role=\"listitem\">\n\t\t\t\t<a class=\"elementor-post__thumbnail__link\" href=\"https:\/\/btls62.online\/?p=2364\" tabindex=\"-1\" >\n\t\t\t<div class=\"elementor-post__thumbnail\"><img decoding=\"async\" width=\"300\" height=\"151\" src=\"https:\/\/btls62.online\/wp-content\/uploads\/2024\/02\/23-Rubber-Double-sampler-C-300x151.jpg\" class=\"attachment-medium size-medium wp-image-2370\" alt=\"\" srcset=\"https:\/\/btls62.online\/wp-content\/uploads\/2024\/02\/23-Rubber-Double-sampler-C-300x151.jpg 300w, https:\/\/btls62.online\/wp-content\/uploads\/2024\/02\/23-Rubber-Double-sampler-C.jpg 768w\" sizes=\"(max-width: 300px) 100vw, 300px\" \/><\/div>\n\t\t<\/a>\n\t\t\t\t<div class=\"elementor-post__text\">\n\t\t\t\t<h3 class=\"elementor-post__title\">\n\t\t\t<a href=\"https:\/\/btls62.online\/?p=2364\" >\n\t\t\t\tNOWHERE MAN (Instrumental)\t\t\t<\/a>\n\t\t<\/h3>\n\t\t\t\t<div class=\"elementor-post__meta-data\">\n\t\t\t\t\t<span class=\"elementor-post-date\">\n\t\t\t24\/02\/2024\t\t<\/span>\n\t\t\t\t<span class=\"elementor-post-avatar\">\n\t\t\tNo hay comentarios\t\t<\/span>\n\t\t\t\t<\/div>\n\t\t\t\t<div class=\"elementor-post__excerpt\">\n\t\t\t<p>\u00abNowhere man\u00bb, el trabajo digital nos deja la voz introductoria de John y a continuaci\u00f3n, la instrumentci\u00f3n del tema sin voces. \u00abRubber Double\u00bb. Bootleg de Melvin Records del a\u00f1o 2023. <\/p>\n\t\t<\/div>\n\t\t\t\t\t<div class=\"elementor-post__read-more-wrapper\">\n\t\t\n\t\t<a class=\"elementor-post__read-more\" href=\"https:\/\/btls62.online\/?p=2364\" aria-label=\"Read more about NOWHERE MAN (Instrumental)\" tabindex=\"-1\" >\n\t\t\tRead More \u00bb\t\t<\/a>\n\n\t\t\t\t\t<\/div>\n\t\t\t\t<\/div>\n\t\t\t\t<\/article>\n\t\t\t\t<article class=\"elementor-post elementor-grid-item post-2337 post type-post status-publish format-standard has-post-thumbnail hentry category-bootleg-shots tag-a-hard-days-night tag-bootleg tag-the-beatles\" role=\"listitem\">\n\t\t\t\t<a class=\"elementor-post__thumbnail__link\" href=\"https:\/\/btls62.online\/?p=2337\" tabindex=\"-1\" >\n\t\t\t<div class=\"elementor-post__thumbnail\"><img decoding=\"async\" width=\"300\" height=\"300\" src=\"https:\/\/btls62.online\/wp-content\/uploads\/2024\/02\/Lennon-Washington-Coliseum-300x300.jpg\" class=\"attachment-medium size-medium wp-image-2338\" alt=\"\" srcset=\"https:\/\/btls62.online\/wp-content\/uploads\/2024\/02\/Lennon-Washington-Coliseum-300x300.jpg 300w, https:\/\/btls62.online\/wp-content\/uploads\/2024\/02\/Lennon-Washington-Coliseum-150x150.jpg 150w, https:\/\/btls62.online\/wp-content\/uploads\/2024\/02\/Lennon-Washington-Coliseum.jpg 507w\" sizes=\"(max-width: 300px) 100vw, 300px\" \/><\/div>\n\t\t<\/a>\n\t\t\t\t<div class=\"elementor-post__text\">\n\t\t\t\t<h3 class=\"elementor-post__title\">\n\t\t\t<a href=\"https:\/\/btls62.online\/?p=2337\" >\n\t\t\t\tA HARD DAY&#8217;S NIGHT-TAKE 1\t\t\t<\/a>\n\t\t<\/h3>\n\t\t\t\t<div class=\"elementor-post__meta-data\">\n\t\t\t\t\t<span class=\"elementor-post-date\">\n\t\t\t18\/02\/2024\t\t<\/span>\n\t\t\t\t<span class=\"elementor-post-avatar\">\n\t\t\tNo hay comentarios\t\t<\/span>\n\t\t\t\t<\/div>\n\t\t\t\t<div class=\"elementor-post__excerpt\">\n\t\t\t<p>Toma 1 de \u00abA hard day&#8217;s night\u00bb, extra\u00edda del Bottleg \u00abThe alternate album collection\u00bb editado en 2023 por el sello BMI.<\/p>\n\t\t<\/div>\n\t\t\t\t\t<div class=\"elementor-post__read-more-wrapper\">\n\t\t\n\t\t<a class=\"elementor-post__read-more\" href=\"https:\/\/btls62.online\/?p=2337\" aria-label=\"Read more about A HARD DAY&#8217;S NIGHT-TAKE 1\" tabindex=\"-1\" >\n\t\t\tRead More \u00bb\t\t<\/a>\n\n\t\t\t\t\t<\/div>\n\t\t\t\t<\/div>\n\t\t\t\t<\/article>\n\t\t\t\t<article class=\"elementor-post elementor-grid-item post-2309 post type-post status-publish format-standard has-post-thumbnail hentry category-bootleg-shots tag-acustica tag-beatles tag-bootleg tag-yellow-submarine\" role=\"listitem\">\n\t\t\t\t<a class=\"elementor-post__thumbnail__link\" href=\"https:\/\/btls62.online\/?p=2309\" tabindex=\"-1\" >\n\t\t\t<div class=\"elementor-post__thumbnail\"><img loading=\"lazy\" decoding=\"async\" width=\"300\" height=\"296\" src=\"https:\/\/btls62.online\/wp-content\/uploads\/2024\/02\/cover-min-300x296.png\" class=\"attachment-medium size-medium wp-image-2311\" alt=\"\" srcset=\"https:\/\/btls62.online\/wp-content\/uploads\/2024\/02\/cover-min-300x296.png 300w, https:\/\/btls62.online\/wp-content\/uploads\/2024\/02\/cover-min-1024x1011.png 1024w, https:\/\/btls62.online\/wp-content\/uploads\/2024\/02\/cover-min-768x758.png 768w, https:\/\/btls62.online\/wp-content\/uploads\/2024\/02\/cover-min.png 1425w\" sizes=\"(max-width: 300px) 100vw, 300px\" \/><\/div>\n\t\t<\/a>\n\t\t\t\t<div class=\"elementor-post__text\">\n\t\t\t\t<h3 class=\"elementor-post__title\">\n\t\t\t<a href=\"https:\/\/btls62.online\/?p=2309\" >\n\t\t\t\tYELLOW SUBMARINE VERSION AC\u00daSTICA\t\t\t<\/a>\n\t\t<\/h3>\n\t\t\t\t<div class=\"elementor-post__meta-data\">\n\t\t\t\t\t<span class=\"elementor-post-date\">\n\t\t\t11\/02\/2024\t\t<\/span>\n\t\t\t\t<span class=\"elementor-post-avatar\">\n\t\t\tNo hay comentarios\t\t<\/span>\n\t\t\t\t<\/div>\n\t\t\t\t<div class=\"elementor-post__excerpt\">\n\t\t\t<p>Versi\u00f3n ac\u00fastica de Yellow Submarine. Vol. 5 de la colecci\u00f3n \u00abExtractions\u00bb<\/p>\n\t\t<\/div>\n\t\t\t\t\t<div class=\"elementor-post__read-more-wrapper\">\n\t\t\n\t\t<a class=\"elementor-post__read-more\" href=\"https:\/\/btls62.online\/?p=2309\" aria-label=\"Read more about YELLOW SUBMARINE VERSION AC\u00daSTICA\" tabindex=\"-1\" >\n\t\t\tRead More \u00bb\t\t<\/a>\n\n\t\t\t\t\t<\/div>\n\t\t\t\t<\/div>\n\t\t\t\t<\/article>\n\t\t\t\t<\/div>\n\t\t\n\t\t\t\t\t\t<\/div>\n\t\t\t\t<\/div>\n\t\t\t\t\t<\/div>\n\t\t<\/div>\n\t\t\t\t\t<\/div>\n\t\t<\/section>\n\t\t\t\t<\/div>\n\t\t","protected":false},"excerpt":{"rendered":"<p>BOOTLEG SHOOTS Tomas y versiones descartadas, variaciones del un mismo tema, tomas ac\u00fasticas, demos, interpretaciones en directo, todas ellas son el material que han propiciado la existencia de los discos piratas o bootlegs. Tambi\u00e9n son interesantes los \u00abdespieces\u00bb de canciones, separaciones en diferentes pistas de la voz, instrumentos, efectos, etc. Todo ello nos proporciona una [&hellip;]<\/p>\n","protected":false},"author":1,"featured_media":0,"parent":0,"menu_order":0,"comment_status":"closed","ping_status":"closed","template":"","meta":{"om_disable_all_campaigns":false,"_monsterinsights_skip_tracking":false,"_monsterinsights_sitenote_active":false,"_monsterinsights_sitenote_note":"","_monsterinsights_sitenote_category":0,"site-sidebar-layout":"no-sidebar","site-content-layout":"page-builder","ast-site-content-layout":"full-width-container","site-content-style":"default","site-sidebar-style":"default","ast-global-header-display":"","ast-banner-title-visibility":"","ast-main-header-display":"","ast-hfb-above-header-display":"","ast-hfb-below-header-display":"","ast-hfb-mobile-header-display":"","site-post-title":"disabled","ast-breadcrumbs-content":"","ast-featured-img":"disabled","footer-sml-layout":"","theme-transparent-header-meta":"","adv-header-id-meta":"","stick-header-meta":"","header-above-stick-meta":"","header-main-stick-meta":"","header-below-stick-meta":"","astra-migrate-meta-layouts":"set","ast-page-background-enabled":"default","ast-page-background-meta":{"desktop":{"background-color":"var(--ast-global-color-4)","background-image":"","background-repeat":"repeat","background-position":"center center","background-size":"auto","background-attachment":"scroll","background-type":"","background-media":"","overlay-type":"","overlay-color":"","overlay-gradient":""},"tablet":{"background-color":"","background-image":"","background-repeat":"repeat","background-position":"center center","background-size":"auto","background-attachment":"scroll","background-type":"","background-media":"","overlay-type":"","overlay-color":"","overlay-gradient":""},"mobile":{"background-color":"","background-image":"","background-repeat":"repeat","background-position":"center center","background-size":"auto","background-attachment":"scroll","background-type":"","background-media":"","overlay-type":"","overlay-color":"","overlay-gradient":""}},"ast-content-background-meta":{"desktop":{"background-color":"var(--ast-global-color-5)","background-image":"","background-repeat":"repeat","background-position":"center center","background-size":"auto","background-attachment":"scroll","background-type":"","background-media":"","overlay-type":"","overlay-color":"","overlay-gradient":""},"tablet":{"background-color":"var(--ast-global-color-5)","background-image":"","background-repeat":"repeat","background-position":"center center","background-size":"auto","background-attachment":"scroll","background-type":"","background-media":"","overlay-type":"","overlay-color":"","overlay-gradient":""},"mobile":{"background-color":"var(--ast-global-color-5)","background-image":"","background-repeat":"repeat","background-position":"center center","background-size":"auto","background-attachment":"scroll","background-type":"","background-media":"","overlay-type":"","overlay-color":"","overlay-gradient":""}},"footnotes":""},"class_list":["post-2298","page","type-page","status-publish","hentry"],"aioseo_notices":[],"_links":{"self":[{"href":"https:\/\/btls62.online\/index.php?rest_route=\/wp\/v2\/pages\/2298","targetHints":{"allow":["GET"]}}],"collection":[{"href":"https:\/\/btls62.online\/index.php?rest_route=\/wp\/v2\/pages"}],"about":[{"href":"https:\/\/btls62.online\/index.php?rest_route=\/wp\/v2\/types\/page"}],"author":[{"embeddable":true,"href":"https:\/\/btls62.online\/index.php?rest_route=\/wp\/v2\/users\/1"}],"replies":[{"embeddable":true,"href":"https:\/\/btls62.online\/index.php?rest_route=%2Fwp%2Fv2%2Fcomments&post=2298"}],"version-history":[{"count":10,"href":"https:\/\/btls62.online\/index.php?rest_route=\/wp\/v2\/pages\/2298\/revisions"}],"predecessor-version":[{"id":2582,"href":"https:\/\/btls62.online\/index.php?rest_route=\/wp\/v2\/pages\/2298\/revisions\/2582"}],"wp:attachment":[{"href":"https:\/\/btls62.online\/index.php?rest_route=%2Fwp%2Fv2%2Fmedia&parent=2298"}],"curies":[{"name":"wp","href":"https:\/\/api.w.org\/{rel}","templated":true}]}}